{"id":114,"date":"2024-09-30T15:06:50","date_gmt":"2024-09-30T15:06:50","guid":{"rendered":"http:\/\/andoreiras.com\/?page_id=114"},"modified":"2025-09-11T16:45:47","modified_gmt":"2025-09-11T16:45:47","slug":"blog","status":"publish","type":"page","link":"https:\/\/andoreiras.com\/index.php\/blog","title":{"rendered":"Blog"},"content":{"rendered":"\t\t<div data-elementor-type=\"wp-page\" data-elementor-id=\"114\" class=\"elementor elementor-114\">\n\t\t\t\t<div class=\"elementor-element elementor-element-2ab91cd e-flex e-con-boxed wpr-particle-no wpr-jarallax-no wpr-parallax-no wpr-sticky-section-no e-con e-parent\" data-id=\"2ab91cd\" data-element_type=\"container\">\n\t\t\t\t\t<div class=\"e-con-inner\">\n\t\t\t\t<div class=\"elementor-element elementor-element-9df55c3 elementor-widget elementor-widget-heading\" data-id=\"9df55c3\" data-element_type=\"widget\" data-widget_type=\"heading.default\">\n\t\t\t\t<div class=\"elementor-widget-container\">\n\t\t\t\t\t<h2 class=\"elementor-heading-title elementor-size-default\">BLOG ANDOREIRAS<\/h2>\t\t\t\t<\/div>\n\t\t\t\t<\/div>\n\t\t\t\t\t<\/div>\n\t\t\t\t<\/div>\n\t\t<div class=\"elementor-element elementor-element-9fe803d e-flex e-con-boxed wpr-particle-no wpr-jarallax-no wpr-parallax-no wpr-sticky-section-no e-con e-parent\" data-id=\"9fe803d\" data-element_type=\"container\">\n\t\t\t\t\t<div class=\"e-con-inner\">\n\t\t\t\t<div class=\"elementor-element elementor-element-e2ddc61 elementor-widget elementor-widget-text-editor\" data-id=\"e2ddc61\" data-element_type=\"widget\" data-widget_type=\"text-editor.default\">\n\t\t\t\t<div class=\"elementor-widget-container\">\n\t\t\t\t\t\t\t\t\t<p>\u00a1Bienvenid@ a nuestro blog! Aqu\u00ed encontrar\u00e1s peque\u00f1as curiosidades que podr\u00e1n hacer tu experiencia de acampada m\u00e1s inolvidable.<\/p>\t\t\t\t\t\t\t\t<\/div>\n\t\t\t\t<\/div>\n\t\t\t\t\t<\/div>\n\t\t\t\t<\/div>\n\t\t<div class=\"elementor-element elementor-element-4fdfc34 e-flex e-con-boxed wpr-particle-no wpr-jarallax-no wpr-parallax-no wpr-sticky-section-no e-con e-parent\" data-id=\"4fdfc34\" data-element_type=\"container\">\n\t\t\t\t\t<div class=\"e-con-inner\">\n\t\t<div class=\"elementor-element elementor-element-dd30fb6 e-con-full e-flex wpr-particle-no wpr-jarallax-no wpr-parallax-no wpr-sticky-section-no e-con e-child\" data-id=\"dd30fb6\" data-element_type=\"container\">\n\t\t\t\t<div class=\"elementor-element elementor-element-f1fb44c elementor-widget elementor-widget-image\" data-id=\"f1fb44c\" data-element_type=\"widget\" data-widget_type=\"image.default\">\n\t\t\t\t<div class=\"elementor-widget-container\">\n\t\t\t\t\t\t\t\t\t\t\t\t\t\t\t<img fetchpriority=\"high\" decoding=\"async\" width=\"1024\" height=\"682\" src=\"https:\/\/andoreiras.com\/wp-content\/uploads\/2025\/06\/WhatsApp-Image-2024-10-01-at-12.15.46-1024x682.jpeg\" class=\"attachment-large size-large wp-image-591\" alt=\"\" srcset=\"https:\/\/andoreiras.com\/wp-content\/uploads\/2025\/06\/WhatsApp-Image-2024-10-01-at-12.15.46-1024x682.jpeg 1024w, https:\/\/andoreiras.com\/wp-content\/uploads\/2025\/06\/WhatsApp-Image-2024-10-01-at-12.15.46-600x400.jpeg 600w, https:\/\/andoreiras.com\/wp-content\/uploads\/2025\/06\/WhatsApp-Image-2024-10-01-at-12.15.46-300x200.jpeg 300w, https:\/\/andoreiras.com\/wp-content\/uploads\/2025\/06\/WhatsApp-Image-2024-10-01-at-12.15.46-768x512.jpeg 768w, https:\/\/andoreiras.com\/wp-content\/uploads\/2025\/06\/WhatsApp-Image-2024-10-01-at-12.15.46-1536x1023.jpeg 1536w, https:\/\/andoreiras.com\/wp-content\/uploads\/2025\/06\/WhatsApp-Image-2024-10-01-at-12.15.46.jpeg 1600w\" sizes=\"(max-width: 1024px) 100vw, 1024px\" \/>\t\t\t\t\t\t\t\t\t\t\t\t\t\t\t<\/div>\n\t\t\t\t<\/div>\n\t\t\t\t<div class=\"elementor-element elementor-element-5499349 elementor-widget elementor-widget-heading\" data-id=\"5499349\" data-element_type=\"widget\" data-widget_type=\"heading.default\">\n\t\t\t\t<div class=\"elementor-widget-container\">\n\t\t\t\t\t<h2 class=\"elementor-heading-title elementor-size-default\">HISTORIA DE MOLEDO<\/h2>\t\t\t\t<\/div>\n\t\t\t\t<\/div>\n\t\t\t\t<div class=\"elementor-element elementor-element-b2ab92c elementor-widget elementor-widget-text-editor\" data-id=\"b2ab92c\" data-element_type=\"widget\" data-widget_type=\"text-editor.default\">\n\t\t\t\t<div class=\"elementor-widget-container\">\n\t\t\t\t\t\t\t\t\t<p><span style=\"color: #000000; font-family: Helvetica, sans-serif; text-align: center;\">Moledo est\u00e1 destaca por su papel estrat\u00e9gico en la defensa costera, destacando el Fuerte de \u00cdnsua construido en la isla del municipio.\u00a0<\/span><\/p>\t\t\t\t\t\t\t\t<\/div>\n\t\t\t\t<\/div>\n\t\t\t\t<\/div>\n\t\t<div class=\"elementor-element elementor-element-762f196 e-con-full e-flex wpr-particle-no wpr-jarallax-no wpr-parallax-no wpr-sticky-section-no e-con e-child\" data-id=\"762f196\" data-element_type=\"container\">\n\t\t\t\t<div class=\"elementor-element elementor-element-51630cc elementor-widget elementor-widget-image\" data-id=\"51630cc\" data-element_type=\"widget\" data-widget_type=\"image.default\">\n\t\t\t\t<div class=\"elementor-widget-container\">\n\t\t\t\t\t\t\t\t\t\t\t\t\t\t\t<img decoding=\"async\" width=\"1024\" height=\"633\" src=\"https:\/\/andoreiras.com\/wp-content\/uploads\/2025\/09\/ad57112fdd42e1f68d7c670e34018f9a-1024x633.jpg\" class=\"attachment-large size-large wp-image-1068\" alt=\"\" srcset=\"https:\/\/andoreiras.com\/wp-content\/uploads\/2025\/09\/ad57112fdd42e1f68d7c670e34018f9a-1024x633.jpg 1024w, https:\/\/andoreiras.com\/wp-content\/uploads\/2025\/09\/ad57112fdd42e1f68d7c670e34018f9a-300x185.jpg 300w, https:\/\/andoreiras.com\/wp-content\/uploads\/2025\/09\/ad57112fdd42e1f68d7c670e34018f9a-768x474.jpg 768w, https:\/\/andoreiras.com\/wp-content\/uploads\/2025\/09\/ad57112fdd42e1f68d7c670e34018f9a-600x371.jpg 600w, https:\/\/andoreiras.com\/wp-content\/uploads\/2025\/09\/ad57112fdd42e1f68d7c670e34018f9a.jpg 1198w\" sizes=\"(max-width: 1024px) 100vw, 1024px\" \/>\t\t\t\t\t\t\t\t\t\t\t\t\t\t\t<\/div>\n\t\t\t\t<\/div>\n\t\t\t\t<div class=\"elementor-element elementor-element-874ad15 elementor-widget elementor-widget-heading\" data-id=\"874ad15\" data-element_type=\"widget\" data-widget_type=\"heading.default\">\n\t\t\t\t<div class=\"elementor-widget-container\">\n\t\t\t\t\t<h2 class=\"elementor-heading-title elementor-size-default\">HISTORIA DEL CAMPING<\/h2>\t\t\t\t<\/div>\n\t\t\t\t<\/div>\n\t\t\t\t<div class=\"elementor-element elementor-element-495604c elementor-widget elementor-widget-text-editor\" data-id=\"495604c\" data-element_type=\"widget\" data-widget_type=\"text-editor.default\">\n\t\t\t\t<div class=\"elementor-widget-container\">\n\t\t\t\t\t\t\t\t\t<p>El camping, nacido como una forma de conectar con la naturaleza a principios del siglo XX, ha evolucionado de una actividad de aventura b\u00e1sica a una experiencia recreativa que une libertad, exploraci\u00f3n y sostenibilidad.<\/p>\t\t\t\t\t\t\t\t<\/div>\n\t\t\t\t<\/div>\n\t\t\t\t<div class=\"elementor-element elementor-element-9582367 elementor-widget elementor-widget-image\" data-id=\"9582367\" data-element_type=\"widget\" data-widget_type=\"image.default\">\n\t\t\t\t<div class=\"elementor-widget-container\">\n\t\t\t\t\t\t\t\t\t\t\t\t\t\t\t<img decoding=\"async\" width=\"1024\" height=\"576\" src=\"https:\/\/andoreiras.com\/wp-content\/uploads\/2025\/09\/Captura-2025-07-12-193721_1.8.1-1024x576.png\" class=\"attachment-large size-large wp-image-1073\" alt=\"\" srcset=\"https:\/\/andoreiras.com\/wp-content\/uploads\/2025\/09\/Captura-2025-07-12-193721_1.8.1-1024x576.png 1024w, https:\/\/andoreiras.com\/wp-content\/uploads\/2025\/09\/Captura-2025-07-12-193721_1.8.1-300x169.png 300w, https:\/\/andoreiras.com\/wp-content\/uploads\/2025\/09\/Captura-2025-07-12-193721_1.8.1-768x432.png 768w, https:\/\/andoreiras.com\/wp-content\/uploads\/2025\/09\/Captura-2025-07-12-193721_1.8.1-1536x864.png 1536w, https:\/\/andoreiras.com\/wp-content\/uploads\/2025\/09\/Captura-2025-07-12-193721_1.8.1-600x338.png 600w, https:\/\/andoreiras.com\/wp-content\/uploads\/2025\/09\/Captura-2025-07-12-193721_1.8.1.png 1920w\" sizes=\"(max-width: 1024px) 100vw, 1024px\" \/>\t\t\t\t\t\t\t\t\t\t\t\t\t\t\t<\/div>\n\t\t\t\t<\/div>\n\t\t\t\t<div class=\"elementor-element elementor-element-a22be3c elementor-widget elementor-widget-heading\" data-id=\"a22be3c\" data-element_type=\"widget\" data-widget_type=\"heading.default\">\n\t\t\t\t<div class=\"elementor-widget-container\">\n\t\t\t\t\t<h2 class=\"elementor-heading-title elementor-size-default\">LOS \u00c1RBOLES DE ANDOREIRAS<\/h2>\t\t\t\t<\/div>\n\t\t\t\t<\/div>\n\t\t\t\t<div class=\"elementor-element elementor-element-6f905d5 elementor-widget elementor-widget-text-editor\" data-id=\"6f905d5\" data-element_type=\"widget\" data-widget_type=\"text-editor.default\">\n\t\t\t\t<div class=\"elementor-widget-container\">\n\t\t\t\t\t\t\t\t\t<p>En Andoreiras Glamping tenemos una gran variedad de \u00e1rboles.<\/p>\t\t\t\t\t\t\t\t<\/div>\n\t\t\t\t<\/div>\n\t\t\t\t<\/div>\n\t\t\t\t\t<\/div>\n\t\t\t\t<\/div>\n\t\t\t\t<\/div>\n\t\t","protected":false},"excerpt":{"rendered":"<p>BLOG ANDOREIRAS \u00a1Bienvenid@ a nuestro blog! Aqu\u00ed encontrar\u00e1s peque\u00f1as curiosidades que podr\u00e1n hacer tu experiencia de acampada m\u00e1s inolvidable. HISTORIA DE MOLEDO Moledo est\u00e1 destaca por su papel estrat\u00e9gico en la defensa costera, destacando el Fuerte de \u00cdnsua construido en la isla del municipio.\u00a0 HISTORIA DEL CAMPING El camping, nacido como una forma de conectar con la naturaleza a principios del siglo XX, ha evolucionado de una actividad de aventura b\u00e1sica a una experiencia recreativa que une libertad, exploraci\u00f3n y sostenibilidad. LOS \u00c1RBOLES DE ANDOREIRAS En Andoreiras Glamping tenemos una gran variedad de \u00e1rboles.<\/p>\n","protected":false},"author":1,"featured_media":0,"parent":0,"menu_order":0,"comment_status":"closed","ping_status":"closed","template":"","meta":{"footnotes":""},"class_list":["post-114","page","type-page","status-publish"],"_links":{"self":[{"href":"https:\/\/andoreiras.com\/index.php\/wp-json\/wp\/v2\/pages\/114","targetHints":{"allow":["GET"]}}],"collection":[{"href":"https:\/\/andoreiras.com\/index.php\/wp-json\/wp\/v2\/pages"}],"about":[{"href":"https:\/\/andoreiras.com\/index.php\/wp-json\/wp\/v2\/types\/page"}],"author":[{"embeddable":true,"href":"https:\/\/andoreiras.com\/index.php\/wp-json\/wp\/v2\/users\/1"}],"replies":[{"embeddable":true,"href":"https:\/\/andoreiras.com\/index.php\/wp-json\/wp\/v2\/comments?post=114"}],"version-history":[{"count":25,"href":"https:\/\/andoreiras.com\/index.php\/wp-json\/wp\/v2\/pages\/114\/revisions"}],"predecessor-version":[{"id":1079,"href":"https:\/\/andoreiras.com\/index.php\/wp-json\/wp\/v2\/pages\/114\/revisions\/1079"}],"wp:attachment":[{"href":"https:\/\/andoreiras.com\/index.php\/wp-json\/wp\/v2\/media?parent=114"}],"curies":[{"name":"wp","href":"https:\/\/api.w.org\/{rel}","templated":true}]}}